{"id":2338,"date":"2023-10-13T22:54:19","date_gmt":"2023-10-13T22:54:19","guid":{"rendered":"https:\/\/maxihotel.com.mx\/mochis\/?page_id=2338"},"modified":"2023-10-17T21:26:32","modified_gmt":"2023-10-17T21:26:32","slug":"terms-conditions-2","status":"publish","type":"page","link":"https:\/\/maxihotel.com.mx\/mochis\/booking-confirmation\/terms-conditions-2\/","title":{"rendered":"Terms &#038; Conditions"},"content":{"rendered":"\t\t<div data-elementor-type=\"wp-page\" data-elementor-id=\"2338\" class=\"elementor elementor-2338\" data-elementor-post-type=\"page\">\n\t\t\t\t\t\t<div class=\"elementor-inner\">\n\t\t\t\t<div class=\"elementor-section-wrap\">\n\t\t\t\t\t\t\t\t\t<section class=\"elementor-section elementor-top-section elementor-element elementor-element-23397f3 elementor-section-height-min-height elementor-section-boxed elementor-section-height-default elementor-section-items-middle\" data-id=\"23397f3\" data-element_type=\"section\" data-settings=\"{&quot;background_background&quot;:&quot;classic&quot;}\">\n\t\t\t\t\t\t<div class=\"elementor-container elementor-column-gap-default\">\n\t\t\t\t\t\t\t<div class=\"elementor-row\">\n\t\t\t\t\t<div class=\"elementor-column elementor-col-100 elementor-top-column elementor-element elementor-element-a39a6b8\" data-id=\"a39a6b8\" data-element_type=\"column\">\n\t\t\t<div class=\"elementor-column-wrap elementor-element-populated\">\n\t\t\t\t\t\t\t<div class=\"elementor-widget-wrap\">\n\t\t\t\t\t\t\t\t<\/div>\n\t\t\t\t\t<\/div>\n\t\t<\/div>\n\t\t\t\t\t\t\t\t<\/div>\n\t\t\t\t\t<\/div>\n\t\t<\/section>\n\t\t\t\t<section class=\"elementor-section elementor-top-section elementor-element elementor-element-ad44002 elementor-section-boxed elementor-section-height-default elementor-section-height-default\" data-id=\"ad44002\" data-element_type=\"section\">\n\t\t\t\t\t\t<div class=\"elementor-container elementor-column-gap-default\">\n\t\t\t\t\t\t\t<div class=\"elementor-row\">\n\t\t\t\t\t<div class=\"elementor-column elementor-col-100 elementor-top-column elementor-element elementor-element-4dbe1e3\" data-id=\"4dbe1e3\" data-element_type=\"column\">\n\t\t\t<div class=\"elementor-column-wrap\">\n\t\t\t\t\t\t\t<div class=\"elementor-widget-wrap\">\n\t\t\t\t\t\t\t\t<\/div>\n\t\t\t\t\t<\/div>\n\t\t<\/div>\n\t\t\t\t\t\t\t\t<\/div>\n\t\t\t\t\t<\/div>\n\t\t<\/section>\n\t\t\t\t<section class=\"elementor-section elementor-top-section elementor-element elementor-element-d21e520 elementor-section-boxed elementor-section-height-default elementor-section-height-default\" data-id=\"d21e520\" data-element_type=\"section\">\n\t\t\t\t\t\t<div class=\"elementor-container elementor-column-gap-default\">\n\t\t\t\t\t\t\t<div class=\"elementor-row\">\n\t\t\t\t\t<div class=\"elementor-column elementor-col-100 elementor-top-column elementor-element elementor-element-5686b8c\" data-id=\"5686b8c\" data-element_type=\"column\">\n\t\t\t<div class=\"elementor-column-wrap elementor-element-populated\">\n\t\t\t\t\t\t\t<div class=\"elementor-widget-wrap\">\n\t\t\t\t\t\t<div class=\"elementor-element elementor-element-1a07b13 elementor-widget elementor-widget-heading\" data-id=\"1a07b13\" data-element_type=\"widget\" data-widget_type=\"heading.default\">\n\t\t\t\t<div class=\"elementor-widget-container\">\n\t\t\t<h1 class=\"elementor-heading-title elementor-size-default\"><br><br><br>T\u00e9rminos y condiciones \n\n<\/h1>\t\t<\/div>\n\t\t\t\t<\/div>\n\t\t\t\t<div class=\"elementor-element elementor-element-b50d75f elementor-widget elementor-widget-text-editor\" data-id=\"b50d75f\" data-element_type=\"widget\" data-widget_type=\"text-editor.default\">\n\t\t\t\t<div class=\"elementor-widget-container\">\n\t\t\t\t\t\t\t\t<div class=\"elementor-text-editor elementor-clearfix\">\n\t\t\t\t<center><strong>De uso del Servicio en Hotel Maxi, Culiac\u00e1n.<\/strong><\/center><p><strong>Pol\u00edticas de Registro (Check In) y Salida (Check Out):<\/strong><\/p><ul><li>El horario de Check In es a partir de las 15:00 horas.<\/li><li>El horario de Check Out es a las 12:00 horas. Se ruega desocupar la habitaci\u00f3n a tiempo para evitar cargos adicionales.<\/li><\/ul><p><strong>Pol\u00edtica de Garant\u00eda de Reservaci\u00f3n:<\/strong><\/p><ul><li>Se requiere una tarjeta de cr\u00e9dito v\u00e1lida como garant\u00eda para efectuar la reservaci\u00f3n. Esta informaci\u00f3n se utiliza exclusivamente para garantizar su estad\u00eda y no se realizar\u00e1 ning\u00fan cargo en su tarjeta hasta el momento del Check In o en caso de incumplimiento de la pol\u00edtica de cancelaci\u00f3n.<\/li><\/ul><p><strong>Pol\u00edtica de Cancelaciones:<\/strong><\/p><ul><li>Para evitar cargos adicionales, las cancelaciones deben realizarse con al menos 24 horas de antelaci\u00f3n a la fecha de llegada programada. Las cancelaciones realizadas dentro de las 24 horas previas a la llegada incurrir\u00e1n en cargos equivalentes a una noche de estancia.<\/li><\/ul><p><strong>No Arribos (No Shows):<\/strong><\/p><ul><li>En caso de no arribo (No Show), se cargar\u00e1 autom\u00e1ticamente una noche de estancia a la tarjeta de cr\u00e9dito proporcionada como garant\u00eda.<\/li><\/ul><p><strong>Personas Extra:<\/strong><\/p><ul><li>Se aplicar\u00e1 un cargo adicional por personas extra en la habitaci\u00f3n. Consulte las tarifas actuales al momento de verificar la disponibilidad y al realizar la reserva.<\/li><\/ul><p><strong>Pol\u00edtica de Ni\u00f1os:<\/strong><\/p><ul><li>Se considera a los ni\u00f1os como hu\u00e9spedes hasta los 8 a\u00f1os de edad. Ni\u00f1os a partir de 9 a\u00f1os se cobrar\u00e1n como adultos. En una habitaci\u00f3n pueden alojarse 2 ni\u00f1os menores de 11 a\u00f1os junto con 2 adultos.<\/li><\/ul><p><strong>Pol\u00edtica de Mascotas:<\/strong><\/p><ul><li>Lamentamos informar que no permitimos mascotas en nuestras instalaciones.<\/li><\/ul><p><strong>Sobreventa:<\/strong><\/p><ul><li>En el improbable caso de que el Hotel Maxi no pueda proporcionar el servicio de hospedaje contratado a trav\u00e9s de una reserva realizada por INTERNET POWER, nos comprometemos a encontrar alternativas adecuadas para suplir el servicio originalmente contratado. Estas alternativas ser\u00e1n al menos iguales o mejores en beneficios a los acordados originalmente.<\/li><li>El Hotel cubrir\u00e1 el costo de una noche, incluyendo impuestos, en un hotel similar.<\/li><li>Ofreceremos transporte gratuito al nuevo hotel para comodidad del hu\u00e9sped.<\/li><\/ul><p>Estos <strong>t\u00e9rminos y condiciones<\/strong> est\u00e1n dise\u00f1ados para garantizar una experiencia de hospedaje c\u00f3moda y satisfactoria en Hotel Maxi en Culiac\u00e1n. Agradecemos su comprensi\u00f3n y cooperaci\u00f3n en el cumplimiento de estas pol\u00edticas. Si tiene alguna pregunta o necesita aclaraciones adicionales, no dude en ponerse en contacto con nuestro equipo de atenci\u00f3n al cliente.<\/p><center>REGLAMENTO DE HOSPEDAJE DE MAXIHOTEL<\/center><center><\/center><center><\/center><p>ART\u00cdCULO PRIMERO R\u00c9GIMEN JUR\u00cdDICO. Las relaciones que se produzcan en raz\u00f3n de los servicios de hospedaje que los clientes o hu\u00e9spedes reciban en este establecimiento (al que en lo sucesivo se identificar\u00e1 como \u0308La Empresa \u0308 o \u0308El Hotel \u0308 indistintamente), se regir\u00e1n por lo dispuesto en el contrato de hospedaje celebrado entre La Empresa y el hu\u00e9sped, por este reglamento y en lo no previsto en estos documentos, por la Legislaci\u00f3n Mercantil y supletoriamente por la Civil aplicable, por las Normas Oficiales Mexicanas aplicables, por la Ley Federal de Turismo y su reglamento. Estas disposiciones se consideran obligatorias, conocidas y aceptadas por el hu\u00e9sped y se aplicar\u00e1n adem\u00e1s los usos y practicas comunes que rijan sobre la materia en esta plaza.<br \/>ART\u00cdCULO SEGUNDO. REGISTRO E IDENTIFICACI\u00d3N DEL HU\u00c9SPED. El hu\u00e9sped tiene la obligaci\u00f3n ineludible de registrarse llenando perfectamente la tarjeta de registro establecida por la empresa. Cuando los hu\u00e9spedes sean un grupo contratado con anterioridad, su representante llenar\u00e1 las tarjetas de registro o entregar\u00e1 listas que re\u00fanan los requisitos. La empresa podr\u00e1 negar alojamiento al hu\u00e9sped que no cumpla con este requisito y est\u00e1 facultado para exigir si lo estima oportuno, la identificaci\u00f3n del solicitante y \/o sus acompa\u00f1antes.<br \/>ART\u00cdCULO TERCERO. TIEMPO DE HOSPEDAJE. El cliente de conformidad con la Empresa especificar\u00e1 en la tarjeta de registro el n\u00famero de d\u00edas que estar\u00e1 hospedado en el hotel. Se considerar\u00e1 como Unidad de tiempo en el contrato de Alojamiento el tiempo y d\u00eda, cuya expiraci\u00f3n quede fijada a las 12 hrs. De cada d\u00eda, se entiende cumplido en primer d\u00eda de alojamiento dentro del horario indicado cuando la ecuaci\u00f3n del cuarto tenga efecto antes de las seis de la ma\u00f1ana.<br \/>ART\u00cdCULO CUARTO. OBLIGACIONES DEL HU\u00c9SPED. PAGO DE TARIFA. Es obligaci\u00f3n del hu\u00e9sped liquidar puntualmente el importe de la cuenta causada en el hotel, cuando sea requerido por la empresa. La tarifa de servicios de hospedaje, queda establecida en la tarjeta de registro que se llenan al ingreso, el pago podr\u00e1 ser exigido por adelantado. El hu\u00e9sped podr\u00e1 garantizar el pago del hotel mediante la firma de un pagar\u00e9 (voucher) de alguna tarjeta de cr\u00e9dito aceptada por el hotel. El hu\u00e9sped que el d\u00eda de su salida desocupe la habitaci\u00f3n despu\u00e9s de las 12 hrs. Establecidas en el art\u00edculo anterior, queda obligado al pago del precio del hospedaje correspondiente a otro d\u00eda. La falta de pago por parte del hu\u00e9sped cuando sea requerido al efecto, causa la rescisi\u00f3n del servicio de hospedaje y la Empresa podr\u00e1 hacer uso de la fuerza p\u00fablica para exigir y llevar a<br \/>cabo la desocupaci\u00f3n de la habitaci\u00f3n pudiendo retener el equipaje en garant\u00eda en los t\u00e9rminos previstos en el art\u00edculo 2669 del C\u00f3digo Civil para el Distrito Federal, o sus correlativos de los Estados de la Rep\u00fablica Mexicana.<br \/>ART\u00cdCULO QUINTO. OTRAS OBLIGACIONES DEL HU\u00c9SPED. Queda estrictamente prohibido a los hu\u00e9spedes:<br \/>\u2022Hacer ruidos molestos, provocar altercados, introducir m\u00fasicos, traer animales y en general cualquier otro acto que perturbe o intimide a los hu\u00e9spedes.<br \/>\u2022Utilizar las habitaciones para juegos de azar prohibidos por la ley o celebrar reuniones que tengan por objeto alterar el orden p\u00fablico o desobedecer las leyes o reglamentos vigentes.<br \/>\u2022Usar la corriente el\u00e9ctrica y los equipos mec\u00e1nicos instalados en su habitaci\u00f3n para otros fines que no sean los destinados.<br \/>\u2022Deteriorar la decoraci\u00f3n o bienes del hotel d\u00e1ndoles un destino impropio al de su servicio.<br \/>\u2022Ejecutar cualquier acto que ocasione actos y perjuicios al hotel o a los dem\u00e1s hu\u00e9spedes, o que sean contrarios al decoro o al comportamiento social.<br \/>La empresa se reserva el derecho de dar por terminado el servicio de hospedaje, cuando se infrinjan las prohibiciones se\u00f1aladas sin que el hu\u00e9sped causante de ellas tenga derecho o reducci\u00f3n alguna en su adeudo por el hospedaje o servicios recibidos, quedando obligado adem\u00e1s al pago o indemnizaci\u00f3n de los da\u00f1os y perjuicios que cause su proceder.<\/p><p>ART\u00cdCULO SEXTO. USO DE LA HABITACI\u00d3N. Los hu\u00e9spedes no podr\u00e1n alojar a personas distintas a las registradas, en todo caso dar\u00e1n aviso previo a la recepci\u00f3n del hotel de cualquier variaci\u00f3n en el n\u00famero o identificaci\u00f3n de las personas que originalmente se registraron. En ning\u00fan caso el n\u00famero de personas alojadas en cada habitaci\u00f3n, podr\u00e1 ser mayor de la capacidad asignada por la Empresa a cada cuarto.<br \/>ART\u00cdCULO S\u00c9PTIMO. INFORMACI\u00d3N OBLIGATORIA. Es obligaci\u00f3n de los hu\u00e9spedes informar a la administraci\u00f3n del hotel de padecimientos o enfermedades contagiosas, fallecimientos, infracciones o delitos que acontezcan en el establecimiento y que sean de su conocimiento, a fin que la empresa pueda a su vez tomar las medidas oportunas y dar cuenta inmediata a la autoridad cuando proceda.<br \/>ART\u00cdCULO OCTAVO. OBLIGACIONES DE LA EMPRESA. la empresa en la prestaci\u00f3n de sus servicios de hospedaje, se compromete al cumplimiento de lo expresamente pactado, de acuerdo a la naturaleza del alojamiento y las reglas apegadas al uso y a la pr\u00e1ctica existente en esta plaza y a lo que ordenen las leyes y reglamentos aplicables.<br \/>ART\u00cdCULO NOVENO. RESPONSABILIDADES DE LA EMPRESA. La empresa responde como depositaria de valores, dinero alhajas y los dem\u00e1s bienes que los hu\u00e9spedes constituyan en dep\u00f3sito en la Administraci\u00f3n del hotel y se haya otorgado por escrito el recibo correspondiente.<br \/>La empresa no se hace responsable por los veh\u00edculos u objetos dejados dentro de los veh\u00edculos en el \u00e1rea del estacionamiento.<br \/>ART\u00cdCULO D\u00c9CIMO. LIBERACI\u00d3N DE RESPONSABILIDADES DE LA EMPRESA. La empresa y sus apoderados, empleados, funcionarios, accionistas y de sus sociedades propietarias, controladas y o tenedoras de acciones y o subsidiarias y filiales (todas estas personas identificadas conjuntamente en este documento tambi\u00e9n como La Empresa) no asumen riesgos ni<br \/>responsabilidad alguna con motivo de servicios o actividades distintos al hospedaje, que el hu\u00e9sped y sus acompa\u00f1antes contraten (denominadas en adelante dichas actividades y servicios como SERVICIOS) tales como realizaci\u00f3n de viajes, transportes a\u00e9reos o terrestres, restaurantes, agencias de viajes, gu\u00edas de turistas, exploraci\u00f3n, excursionismo, navegaci\u00f3n, paseos tur\u00edsticos, ciclismo, buceo y en general todas las actividades de esparcimiento o deportivas relacionadas con el entorno natural del Hotel, y les sean ofrecidas por terceros dentro o fuera de las instalaciones de la Empresa.<br \/>ART\u00cdCULO D\u00c9CIMO PRIMERO. DISPOSICIONES VARIAS. La empresa no autoriza el acceso a las habitaciones ocupadas por los hu\u00e9spedes de ninguna persona que no haya sido previa y expresamente autorizada por el cliente, en todo caso se reserva el derecho de no permitir en la habitaci\u00f3n visitas de otras personas. Las personas que ostenten la representaci\u00f3n de la Empresa, del Hotel o prestan los servicios inherentes al hospedaje, tendr\u00e1n libre acceso a los cuartos ocupados por los clientes. Cuando los hu\u00e9spedes se ausenten por m\u00e1s de 72 hrs. (setenta y dos) horas sin previo aviso a la administraci\u00f3n, podr\u00e1 la empresa dar por suspendido o rescindido el contrato de hospedaje, conforme se previene en el siguiente art\u00edculo, salvo en el caso que el valor real del equipaje del hu\u00e9sped no garantice el importe de la cuenta, esta circunstancia podr\u00e1 rescindir o suspender el hospedaje con la ausencia del hu\u00e9sped por m\u00e1s de 24 hrs. (veinte y cuatro).<br \/>ART\u00cdCULO D\u00c9CIMO SEGUNDO. EL EQUIPAJE COMO GARANT\u00cdA. El equipaje y dem\u00e1s bienes que introduzcan los hu\u00e9spedes en el establecimiento se consideran propiedad de la persona que efect\u00fae el registro y podr\u00e1n responder perfectamente de todos los adeudos que por concepto de hospedaje u otros consumos causen las personas comprometidas en el registro respectivo, si son aceptados en su oportunidad por el Hotel. Todos estos bienes podr\u00e1n ser retenidos en calidad de prenda por la empresa conforme el art\u00edculo cuarto citado en este reglamento y en su<br \/>oportunidad, ejecutar la prenda, pasados los 30 d\u00edas a la fecha en que se debi\u00f3 haber pagado la cuenta, mediante la venta del equipaje por conducto de un corredor p\u00fablico autorizado.<br \/>ART\u00cdCULO D\u00c9CIMO TERCERO. RESERVACIONES. Constituye la reservaci\u00f3n de un cuarto, un convenio preparatorio del hospedaje de que se perfecciona cuando la empresa acepta y confirma por escrito la solicitud del cliente y \u00e9ste ratifica su petici\u00f3n cumpliendo con las condiciones que fueron fijadas. Adem\u00e1s del llenado de la tarjeta de registro establecida por la empresa y la firma del contrato de hospedaje correspondiente, se entiende como requisito necesario para el perfeccionamiento del acto de reservaci\u00f3n, el dep\u00f3sito por adelantado del importe del<br \/>alojamiento solicitado con anticipaci\u00f3n y en las condiciones que establezca el Hotel. Cuando el dep\u00f3sito que garantiza la reservaci\u00f3n se hace remitiendo giro postal, telegr\u00e1fico, bancario, voucher, transferencia o cualquier forma de remesa, se condiciona la aceptaci\u00f3n del dep\u00f3sito el hecho de quedar alojamiento disponible en el hotel, en el mismo momento en que se reciba dicho dep\u00f3sito, en caso de cheques personales, salvo buen cobro, deber\u00e1n ser cobrados oportunamente por parte del Hotel.<br \/>Se reservan las habitaciones el cliente que hizo la reservaci\u00f3n hasta las 18.00 hrs. Ya que despu\u00e9s la Empresa quedar\u00e1 en libertad de asignarlas a otros clientes. Si por causas ajenas a la empresa, esta se encuentre en imposibilidad de atender la reservaci\u00f3n del hu\u00e9sped, tratar\u00e1 de lograr alojamiento para el solicitante en cualquier otra empresa Hotelera de similar categor\u00eda.<br \/>ART\u00cdCULO D\u00c9CIMO CUARTO. CANCELACIONES. Salvo pacto en lo contrario, el solicitante que cancele su reservaci\u00f3n de tipo individual, tiene derecho a que le sea devuelto el importe del dep\u00f3sito que hubiera hecho, cuando la cancelaci\u00f3n llegue al conocimiento de la Empresa, por lo menos con 72 hrs. De anticipaci\u00f3n a la hora prevista de la entrega de la habitaci\u00f3n es decir, 3 d\u00edas antes de su fecha reservada para ingreso, ya que en caso contrario, como m\u00ednimo el hu\u00e9sped perder\u00e1 en beneficio de la Empresa el importe de su dep\u00f3sito salvo que por consideraciones de equidad o buena fe, la empresa estimara una menor cuant\u00eda los da\u00f1os y perjuicios sufridos por ella.<br \/>ART\u00cdCULO D\u00c9CIMO QUINTO. La empresa tiene contra\u00eddo un seguro de RESPONSABILIDAD CIVIL que cubre da\u00f1os a terceros en relaci\u00f3n a sus personas conforme las Normas Oficiales Mexicanas Aplicables.<\/p><center>\u00a1Esperamos brindarle una estancia inolvidable!<\/center><p>\u00a0<\/p>\t\t\t\t\t<\/div>\n\t\t\t\t\t\t<\/div>\n\t\t\t\t<\/div>\n\t\t\t\t\t\t<\/div>\n\t\t\t\t\t<\/div>\n\t\t<\/div>\n\t\t\t\t\t\t\t\t<\/div>\n\t\t\t\t\t<\/div>\n\t\t<\/section>\n\t\t\t\t\t\t\t\t\t<\/div>\n\t\t\t<\/div>\n\t\t\t\t\t<\/div>\n\t\t","protected":false},"excerpt":{"rendered":"<p>T\u00e9rminos y condiciones De uso del Servicio en Hotel Maxi, Culiac\u00e1n. Pol\u00edticas de Registro (Check In) y Salida (Check Out): El horario de Check In es a partir de las 15:00 horas. El horario de Check Out es a las &hellip; <a href=\"https:\/\/maxihotel.com.mx\/mochis\/booking-confirmation\/terms-conditions-2\/\">Read More<\/a><\/p>\n","protected":false},"author":1,"featured_media":0,"parent":67,"menu_order":1,"comment_status":"closed","ping_status":"closed","template":"","meta":{"footnotes":"","_joinchat":[]},"yoast_head":"<!-- This site is optimized with the Yoast SEO plugin v21.1 - https:\/\/yoast.com\/wordpress\/plugins\/seo\/ -->\n<title>Terms &amp; Conditions - Maxi Hotel<\/title>\n<meta name=\"robots\" content=\"index, follow, max-snippet:-1, max-image-preview:large, max-video-preview:-1\" \/>\n<link rel=\"canonical\" href=\"https:\/\/maxihotel.com.mx\/mochis\/booking-confirmation\/terms-conditions-2\/\" \/>\n<meta property=\"og:locale\" content=\"es_ES\" \/>\n<meta property=\"og:type\" content=\"article\" \/>\n<meta property=\"og:title\" content=\"Terms &amp; Conditions - Maxi Hotel\" \/>\n<meta property=\"og:description\" content=\"T\u00e9rminos y condiciones De uso del Servicio en Hotel Maxi, Culiac\u00e1n. Pol\u00edticas de Registro (Check In) y Salida (Check Out): El horario de Check In es a partir de las 15:00 horas. El horario de Check Out es a las &hellip; Read More\" \/>\n<meta property=\"og:url\" content=\"https:\/\/maxihotel.com.mx\/mochis\/booking-confirmation\/terms-conditions-2\/\" \/>\n<meta property=\"og:site_name\" content=\"Maxi Hotel\" \/>\n<meta property=\"article:modified_time\" content=\"2023-10-17T21:26:32+00:00\" \/>\n<meta name=\"twitter:card\" content=\"summary_large_image\" \/>\n<meta name=\"twitter:label1\" content=\"Tiempo de lectura\" \/>\n\t<meta name=\"twitter:data1\" content=\"10 minutos\" \/>\n<script type=\"application\/ld+json\" class=\"yoast-schema-graph\">{\"@context\":\"https:\/\/schema.org\",\"@graph\":[{\"@type\":\"WebPage\",\"@id\":\"https:\/\/maxihotel.com.mx\/mochis\/booking-confirmation\/terms-conditions-2\/\",\"url\":\"https:\/\/maxihotel.com.mx\/mochis\/booking-confirmation\/terms-conditions-2\/\",\"name\":\"Terms & Conditions - Maxi Hotel\",\"isPartOf\":{\"@id\":\"https:\/\/maxihotel.com.mx\/mochis\/#website\"},\"datePublished\":\"2023-10-13T22:54:19+00:00\",\"dateModified\":\"2023-10-17T21:26:32+00:00\",\"breadcrumb\":{\"@id\":\"https:\/\/maxihotel.com.mx\/mochis\/booking-confirmation\/terms-conditions-2\/#breadcrumb\"},\"inLanguage\":\"es\",\"potentialAction\":[{\"@type\":\"ReadAction\",\"target\":[\"https:\/\/maxihotel.com.mx\/mochis\/booking-confirmation\/terms-conditions-2\/\"]}]},{\"@type\":\"BreadcrumbList\",\"@id\":\"https:\/\/maxihotel.com.mx\/mochis\/booking-confirmation\/terms-conditions-2\/#breadcrumb\",\"itemListElement\":[{\"@type\":\"ListItem\",\"position\":1,\"name\":\"Portada\",\"item\":\"https:\/\/maxihotel.com.mx\/mochis\/\"},{\"@type\":\"ListItem\",\"position\":2,\"name\":\"Booking Confirmation\",\"item\":\"https:\/\/maxihotel.com.mx\/mochis\/booking-confirmation\/\"},{\"@type\":\"ListItem\",\"position\":3,\"name\":\"Terms &#038; Conditions\"}]},{\"@type\":\"WebSite\",\"@id\":\"https:\/\/maxihotel.com.mx\/mochis\/#website\",\"url\":\"https:\/\/maxihotel.com.mx\/mochis\/\",\"name\":\"Maxi Hotel\",\"description\":\"Hospedaje al mejor precio en Culiac\u00e1n y Mochis\",\"publisher\":{\"@id\":\"https:\/\/maxihotel.com.mx\/mochis\/#organization\"},\"potentialAction\":[{\"@type\":\"SearchAction\",\"target\":{\"@type\":\"EntryPoint\",\"urlTemplate\":\"https:\/\/maxihotel.com.mx\/mochis\/?s={search_term_string}\"},\"query-input\":\"required name=search_term_string\"}],\"inLanguage\":\"es\"},{\"@type\":\"Organization\",\"@id\":\"https:\/\/maxihotel.com.mx\/mochis\/#organization\",\"name\":\"Maxi Hotel\",\"url\":\"https:\/\/maxihotel.com.mx\/mochis\/\",\"logo\":{\"@type\":\"ImageObject\",\"inLanguage\":\"es\",\"@id\":\"https:\/\/maxihotel.com.mx\/mochis\/#\/schema\/logo\/image\/\",\"url\":\"https:\/\/maxihotel.com.mx\/mochis\/wp-content\/uploads\/2023\/09\/cropped-LOGO-35-1.webp\",\"contentUrl\":\"https:\/\/maxihotel.com.mx\/mochis\/wp-content\/uploads\/2023\/09\/cropped-LOGO-35-1.webp\",\"width\":310,\"height\":259,\"caption\":\"Maxi Hotel\"},\"image\":{\"@id\":\"https:\/\/maxihotel.com.mx\/mochis\/#\/schema\/logo\/image\/\"}}]}<\/script>\n<!-- \/ Yoast SEO plugin. -->","yoast_head_json":{"title":"Terms & Conditions - Maxi Hotel","robots":{"index":"index","follow":"follow","max-snippet":"max-snippet:-1","max-image-preview":"max-image-preview:large","max-video-preview":"max-video-preview:-1"},"canonical":"https:\/\/maxihotel.com.mx\/mochis\/booking-confirmation\/terms-conditions-2\/","og_locale":"es_ES","og_type":"article","og_title":"Terms & Conditions - Maxi Hotel","og_description":"T\u00e9rminos y condiciones De uso del Servicio en Hotel Maxi, Culiac\u00e1n. Pol\u00edticas de Registro (Check In) y Salida (Check Out): El horario de Check In es a partir de las 15:00 horas. El horario de Check Out es a las &hellip; Read More","og_url":"https:\/\/maxihotel.com.mx\/mochis\/booking-confirmation\/terms-conditions-2\/","og_site_name":"Maxi Hotel","article_modified_time":"2023-10-17T21:26:32+00:00","twitter_card":"summary_large_image","twitter_misc":{"Tiempo de lectura":"10 minutos"},"schema":{"@context":"https:\/\/schema.org","@graph":[{"@type":"WebPage","@id":"https:\/\/maxihotel.com.mx\/mochis\/booking-confirmation\/terms-conditions-2\/","url":"https:\/\/maxihotel.com.mx\/mochis\/booking-confirmation\/terms-conditions-2\/","name":"Terms & Conditions - Maxi Hotel","isPartOf":{"@id":"https:\/\/maxihotel.com.mx\/mochis\/#website"},"datePublished":"2023-10-13T22:54:19+00:00","dateModified":"2023-10-17T21:26:32+00:00","breadcrumb":{"@id":"https:\/\/maxihotel.com.mx\/mochis\/booking-confirmation\/terms-conditions-2\/#breadcrumb"},"inLanguage":"es","potentialAction":[{"@type":"ReadAction","target":["https:\/\/maxihotel.com.mx\/mochis\/booking-confirmation\/terms-conditions-2\/"]}]},{"@type":"BreadcrumbList","@id":"https:\/\/maxihotel.com.mx\/mochis\/booking-confirmation\/terms-conditions-2\/#breadcrumb","itemListElement":[{"@type":"ListItem","position":1,"name":"Portada","item":"https:\/\/maxihotel.com.mx\/mochis\/"},{"@type":"ListItem","position":2,"name":"Booking Confirmation","item":"https:\/\/maxihotel.com.mx\/mochis\/booking-confirmation\/"},{"@type":"ListItem","position":3,"name":"Terms &#038; Conditions"}]},{"@type":"WebSite","@id":"https:\/\/maxihotel.com.mx\/mochis\/#website","url":"https:\/\/maxihotel.com.mx\/mochis\/","name":"Maxi Hotel","description":"Hospedaje al mejor precio en Culiac\u00e1n y Mochis","publisher":{"@id":"https:\/\/maxihotel.com.mx\/mochis\/#organization"},"potentialAction":[{"@type":"SearchAction","target":{"@type":"EntryPoint","urlTemplate":"https:\/\/maxihotel.com.mx\/mochis\/?s={search_term_string}"},"query-input":"required name=search_term_string"}],"inLanguage":"es"},{"@type":"Organization","@id":"https:\/\/maxihotel.com.mx\/mochis\/#organization","name":"Maxi Hotel","url":"https:\/\/maxihotel.com.mx\/mochis\/","logo":{"@type":"ImageObject","inLanguage":"es","@id":"https:\/\/maxihotel.com.mx\/mochis\/#\/schema\/logo\/image\/","url":"https:\/\/maxihotel.com.mx\/mochis\/wp-content\/uploads\/2023\/09\/cropped-LOGO-35-1.webp","contentUrl":"https:\/\/maxihotel.com.mx\/mochis\/wp-content\/uploads\/2023\/09\/cropped-LOGO-35-1.webp","width":310,"height":259,"caption":"Maxi Hotel"},"image":{"@id":"https:\/\/maxihotel.com.mx\/mochis\/#\/schema\/logo\/image\/"}}]}},"_links":{"self":[{"href":"https:\/\/maxihotel.com.mx\/mochis\/wp-json\/wp\/v2\/pages\/2338"}],"collection":[{"href":"https:\/\/maxihotel.com.mx\/mochis\/wp-json\/wp\/v2\/pages"}],"about":[{"href":"https:\/\/maxihotel.com.mx\/mochis\/wp-json\/wp\/v2\/types\/page"}],"author":[{"embeddable":true,"href":"https:\/\/maxihotel.com.mx\/mochis\/wp-json\/wp\/v2\/users\/1"}],"replies":[{"embeddable":true,"href":"https:\/\/maxihotel.com.mx\/mochis\/wp-json\/wp\/v2\/comments?post=2338"}],"version-history":[{"count":9,"href":"https:\/\/maxihotel.com.mx\/mochis\/wp-json\/wp\/v2\/pages\/2338\/revisions"}],"predecessor-version":[{"id":2374,"href":"https:\/\/maxihotel.com.mx\/mochis\/wp-json\/wp\/v2\/pages\/2338\/revisions\/2374"}],"up":[{"embeddable":true,"href":"https:\/\/maxihotel.com.mx\/mochis\/wp-json\/wp\/v2\/pages\/67"}],"wp:attachment":[{"href":"https:\/\/maxihotel.com.mx\/mochis\/wp-json\/wp\/v2\/media?parent=2338"}],"curies":[{"name":"wp","href":"https:\/\/api.w.org\/{rel}","templated":true}]}}