{"id":66,"date":"2021-10-18T17:01:15","date_gmt":"2021-10-18T17:01:15","guid":{"rendered":"https:\/\/import.bellevuetheme.com\/hotel\/?page_id=1933"},"modified":"2023-10-17T21:23:31","modified_gmt":"2023-10-17T21:23:31","slug":"terms-conditions","status":"publish","type":"page","link":"https:\/\/maxihotel.com.mx\/mochis\/booking-confirmation\/terms-conditions\/","title":{"rendered":"Pol\u00edtica de privacidad"},"content":{"rendered":"\t\t<div data-elementor-type=\"wp-page\" data-elementor-id=\"66\" class=\"elementor elementor-66\" data-elementor-post-type=\"page\">\n\t\t\t\t\t\t<div class=\"elementor-inner\">\n\t\t\t\t<div class=\"elementor-section-wrap\">\n\t\t\t\t\t\t\t\t\t<section class=\"elementor-section elementor-top-section elementor-element elementor-element-0299c02 elementor-section-height-min-height elementor-section-boxed elementor-section-height-default elementor-section-items-middle\" data-id=\"0299c02\" data-element_type=\"section\" data-settings=\"{&quot;background_background&quot;:&quot;classic&quot;}\">\n\t\t\t\t\t\t<div class=\"elementor-container elementor-column-gap-default\">\n\t\t\t\t\t\t\t<div class=\"elementor-row\">\n\t\t\t\t\t<div class=\"elementor-column elementor-col-100 elementor-top-column elementor-element elementor-element-7ab36ad\" data-id=\"7ab36ad\" data-element_type=\"column\">\n\t\t\t<div class=\"elementor-column-wrap elementor-element-populated\">\n\t\t\t\t\t\t\t<div class=\"elementor-widget-wrap\">\n\t\t\t\t\t\t\t\t<\/div>\n\t\t\t\t\t<\/div>\n\t\t<\/div>\n\t\t\t\t\t\t\t\t<\/div>\n\t\t\t\t\t<\/div>\n\t\t<\/section>\n\t\t\t\t<section class=\"elementor-section elementor-top-section elementor-element elementor-element-7243d5f elementor-section-boxed elementor-section-height-default elementor-section-height-default\" data-id=\"7243d5f\" data-element_type=\"section\">\n\t\t\t\t\t\t<div class=\"elementor-container elementor-column-gap-default\">\n\t\t\t\t\t\t\t<div class=\"elementor-row\">\n\t\t\t\t\t<div class=\"elementor-column elementor-col-100 elementor-top-column elementor-element elementor-element-63563b9\" data-id=\"63563b9\" data-element_type=\"column\">\n\t\t\t<div class=\"elementor-column-wrap elementor-element-populated\">\n\t\t\t\t\t\t\t<div class=\"elementor-widget-wrap\">\n\t\t\t\t\t\t<div class=\"elementor-element elementor-element-cca9fc8 elementor-widget elementor-widget-spacer\" data-id=\"cca9fc8\" data-element_type=\"widget\" data-widget_type=\"spacer.default\">\n\t\t\t\t<div class=\"elementor-widget-container\">\n\t\t\t\t\t<div class=\"elementor-spacer\">\n\t\t\t<div class=\"elementor-spacer-inner\"><\/div>\n\t\t<\/div>\n\t\t\t\t<\/div>\n\t\t\t\t<\/div>\n\t\t\t\t\t\t<\/div>\n\t\t\t\t\t<\/div>\n\t\t<\/div>\n\t\t\t\t\t\t\t\t<\/div>\n\t\t\t\t\t<\/div>\n\t\t<\/section>\n\t\t\t\t<section class=\"elementor-section elementor-top-section elementor-element elementor-element-8bfbe34 elementor-section-boxed elementor-section-height-default elementor-section-height-default\" data-id=\"8bfbe34\" data-element_type=\"section\">\n\t\t\t\t\t\t<div class=\"elementor-container elementor-column-gap-default\">\n\t\t\t\t\t\t\t<div class=\"elementor-row\">\n\t\t\t\t\t<div class=\"elementor-column elementor-col-100 elementor-top-column elementor-element elementor-element-c8634d6\" data-id=\"c8634d6\" data-element_type=\"column\">\n\t\t\t<div class=\"elementor-column-wrap elementor-element-populated\">\n\t\t\t\t\t\t\t<div class=\"elementor-widget-wrap\">\n\t\t\t\t\t\t<div class=\"elementor-element elementor-element-d735675 elementor-widget elementor-widget-heading\" data-id=\"d735675\" data-element_type=\"widget\" data-widget_type=\"heading.default\">\n\t\t\t\t<div class=\"elementor-widget-container\">\n\t\t\t<h2 class=\"elementor-heading-title elementor-size-default\">Pol\u00edtica de privacidad<\/h2>\t\t<\/div>\n\t\t\t\t<\/div>\n\t\t\t\t<div class=\"elementor-element elementor-element-123d64a elementor-widget elementor-widget-text-editor\" data-id=\"123d64a\" data-element_type=\"widget\" data-widget_type=\"text-editor.default\">\n\t\t\t\t<div class=\"elementor-widget-container\">\n\t\t\t\t\t\t\t\t<div class=\"elementor-text-editor elementor-clearfix\">\n\t\t\t\t<header class=\"page-header\">Esta Pol\u00edtica de privacidad describe c\u00f3mo se recopila, utiliza y comparte su informaci\u00f3n personal cuando visita o hace una compra en www.maxihotel.com.mx (denominado en lo sucesivo el \u201cSitio\u201d).<\/header><header><\/header><header><p><b>La Finalidad principal<\/b> del tratamiento de sus datos personales es para facturar su servicio de hospedaje y brindarle el servicio del mismo bajo las condiciones del contrato registrado ante <b>PROFECO<\/b> (Contrato de Hospedaje) y las disposiciones de la <b>SHCP,<\/b> derivados ambos de una disposici\u00f3n legal, por lo cual no tratamos datos personales con fines distintos a los derivados de la prestaci\u00f3n de dichos servicios.<\/p><p><b>Solo como finalidad secundaria<\/b> <b>MaxiHotel y\/o Jesus Ivan Aispuro S\u00e1nchez<\/b>\u00a0recaba datos personales (Derecho a la Propia Imagen) con las c\u00e1maras de video vigilancia, para el caso de que se presente un hecho il\u00edcito entregarle a autoridad competente medios de prueba para la investigaci\u00f3n de delitos o derivado de actividades fraudulentas o uso indebido con Tarjetas de Cr\u00e9dito, D\u00e9bito o Servicio; o con Instituciones Financieras para el hecho de acreditaci\u00f3n de cobro o pago con tarjetas de cr\u00e9dito, d\u00e9bito o de servicio; en caso de no presentarse una actividad de las mencionadas anteriormente; <b>MaxiHotel y\/o Jesus Ivan Aispuro S\u00e1nchez<\/b> cancelaran del sistema inform\u00e1tico para tal fin, sus datos personales en menos de 90 d\u00edas naturales.<\/p><p><b>Como mecanismo<\/b> para que el titular pueda acceder a los datos personales o ejercer los derechos ARCO que pudiera poseer <b>MaxiHotel y\/o Jesus Ivan Aispuro S\u00e1nchez<\/b>, ser\u00e1 a trav\u00e9s de formato por escrito en el domicilio del responsable, el solicitante deber\u00e1 acudir a las oficinas citadas en el domicilio anterior para realizar personalmente o por apoderado legal la solicitud y la entrega de los documentos y\/o archivos que contengan sus datos personales.<\/p><p><b>Los datos personales tratados<\/b> son los que exige la PROFECO y la SHCP para la prestaci\u00f3n de servicio que Usted firma al contratar el servicio de hospedaje y llevar a cabo la facturaci\u00f3n del mismo, los cuales no son datos personales por si solos, solo en el caso del cobro se requiere un folio de identificaci\u00f3n cuando se paga con alguna Tarjetas de Cr\u00e9dito, D\u00e9bito o Servicio en el Voucher el cual se transfiere el original al banco o instituci\u00f3n financiera para su cobro. As\u00ed como el correo electr\u00f3nico y n\u00famero de whatsapp seg\u00fan elija Usted, para remitirle la factura digital correspondiente.<\/p><p><b>Datos sensibles <\/b>los captados por las c\u00e1maras de video vigilancia que puedan inferir un origen racial o \u00e9tnico, sobre la dignidad o el honor de las personas, mismos que no se consultan o revisan, salvo que exista mandamiento de autoridad competente o Instituci\u00f3n Financiera para requerirlo y que solo sirven como medio de prueba derivado de un acto o hecho il\u00edcito<\/p><p><b>Las transferencias <\/b>de datos personales que se efect\u00faen solo se har\u00e1n por mandamiento judicial o autoridad competente para ello, o el derivado de un acto jur\u00eddico entre el responsable y un tercero para la prestaci\u00f3n de un servicio.<\/p><p><b>Los medios y el procedimiento para ejercer los derechos ARCO <\/b>en el domicilio del responsable y por escrito, el cual podr\u00e1 mandar aclarar, precisar en un plazo de 20 d\u00edas h\u00e1biles y posteriormente deber\u00e1 dar respuesta en un plazo que no supere los 15 d\u00edas h\u00e1biles en el domicilio del responsable.<\/p><p><b>Notificaci\u00f3n de<\/b> <b>cambios en el aviso de privacidad<\/b> solo se podr\u00e1n dar en el caso de cambios Jurisprudenciales, Legales, Administrativos o recomendaciones de Consultor\u00eda o Asesor\u00eda.<\/p><p>Medidas de Seguridad en el sistema de video vigilancia son en una red interna en un equipo de c\u00f3mputo que no tiene acceso a internet y que solo opera el responsable con clave de acceso y nadie m\u00e1s accede al mismo.<\/p><p>Si Usted considera que sus derechos ARCO o de protecci\u00f3n de datos personales ha sido lesionado, puede acudir ante <a href=\"http:\/\/www.ifaidp.org.mx\/\">www.ifaidp.org.mx<\/a> e interponer la queja correspondiente.<\/p><\/header>\t\t\t\t\t<\/div>\n\t\t\t\t\t\t<\/div>\n\t\t\t\t<\/div>\n\t\t\t\t\t\t<\/div>\n\t\t\t\t\t<\/div>\n\t\t<\/div>\n\t\t\t\t\t\t\t\t<\/div>\n\t\t\t\t\t<\/div>\n\t\t<\/section>\n\t\t\t\t\t\t\t\t\t<\/div>\n\t\t\t<\/div>\n\t\t\t\t\t<\/div>\n\t\t","protected":false},"excerpt":{"rendered":"<p>Pol\u00edtica de privacidad Esta Pol\u00edtica de privacidad describe c\u00f3mo se recopila, utiliza y comparte su informaci\u00f3n personal cuando visita o hace una compra en www.maxihotel.com.mx (denominado en lo sucesivo el \u201cSitio\u201d). La Finalidad principal del tratamiento de sus datos personales &hellip; <a href=\"https:\/\/maxihotel.com.mx\/mochis\/booking-confirmation\/terms-conditions\/\">Read More<\/a><\/p>\n","protected":false},"author":1,"featured_media":0,"parent":67,"menu_order":1,"comment_status":"closed","ping_status":"closed","template":"","meta":{"footnotes":"","_joinchat":[]},"yoast_head":"<!-- This site is optimized with the Yoast SEO plugin v21.1 - https:\/\/yoast.com\/wordpress\/plugins\/seo\/ -->\n<title>Pol\u00edtica de privacidad - Maxi Hotel<\/title>\n<meta name=\"robots\" content=\"index, follow, max-snippet:-1, max-image-preview:large, max-video-preview:-1\" \/>\n<link rel=\"canonical\" href=\"https:\/\/maxihotel.com.mx\/mochis\/booking-confirmation\/terms-conditions\/\" \/>\n<meta property=\"og:locale\" content=\"es_ES\" \/>\n<meta property=\"og:type\" content=\"article\" \/>\n<meta property=\"og:title\" content=\"Pol\u00edtica de privacidad - Maxi Hotel\" \/>\n<meta property=\"og:description\" content=\"Pol\u00edtica de privacidad Esta Pol\u00edtica de privacidad describe c\u00f3mo se recopila, utiliza y comparte su informaci\u00f3n personal cuando visita o hace una compra en www.maxihotel.com.mx (denominado en lo sucesivo el \u201cSitio\u201d). La Finalidad principal del tratamiento de sus datos personales &hellip; Read More\" \/>\n<meta property=\"og:url\" content=\"https:\/\/maxihotel.com.mx\/mochis\/booking-confirmation\/terms-conditions\/\" \/>\n<meta property=\"og:site_name\" content=\"Maxi Hotel\" \/>\n<meta property=\"article:modified_time\" content=\"2023-10-17T21:23:31+00:00\" \/>\n<meta name=\"twitter:card\" content=\"summary_large_image\" \/>\n<meta name=\"twitter:label1\" content=\"Tiempo de lectura\" \/>\n\t<meta name=\"twitter:data1\" content=\"3 minutos\" \/>\n<script type=\"application\/ld+json\" class=\"yoast-schema-graph\">{\"@context\":\"https:\/\/schema.org\",\"@graph\":[{\"@type\":\"WebPage\",\"@id\":\"https:\/\/maxihotel.com.mx\/mochis\/booking-confirmation\/terms-conditions\/\",\"url\":\"https:\/\/maxihotel.com.mx\/mochis\/booking-confirmation\/terms-conditions\/\",\"name\":\"Pol\u00edtica de privacidad - Maxi Hotel\",\"isPartOf\":{\"@id\":\"https:\/\/maxihotel.com.mx\/mochis\/#website\"},\"datePublished\":\"2021-10-18T17:01:15+00:00\",\"dateModified\":\"2023-10-17T21:23:31+00:00\",\"breadcrumb\":{\"@id\":\"https:\/\/maxihotel.com.mx\/mochis\/booking-confirmation\/terms-conditions\/#breadcrumb\"},\"inLanguage\":\"es\",\"potentialAction\":[{\"@type\":\"ReadAction\",\"target\":[\"https:\/\/maxihotel.com.mx\/mochis\/booking-confirmation\/terms-conditions\/\"]}]},{\"@type\":\"BreadcrumbList\",\"@id\":\"https:\/\/maxihotel.com.mx\/mochis\/booking-confirmation\/terms-conditions\/#breadcrumb\",\"itemListElement\":[{\"@type\":\"ListItem\",\"position\":1,\"name\":\"Portada\",\"item\":\"https:\/\/maxihotel.com.mx\/mochis\/\"},{\"@type\":\"ListItem\",\"position\":2,\"name\":\"Booking Confirmation\",\"item\":\"https:\/\/maxihotel.com.mx\/mochis\/booking-confirmation\/\"},{\"@type\":\"ListItem\",\"position\":3,\"name\":\"Pol\u00edtica de privacidad\"}]},{\"@type\":\"WebSite\",\"@id\":\"https:\/\/maxihotel.com.mx\/mochis\/#website\",\"url\":\"https:\/\/maxihotel.com.mx\/mochis\/\",\"name\":\"Maxi Hotel\",\"description\":\"Hospedaje al mejor precio en Culiac\u00e1n y Mochis\",\"publisher\":{\"@id\":\"https:\/\/maxihotel.com.mx\/mochis\/#organization\"},\"potentialAction\":[{\"@type\":\"SearchAction\",\"target\":{\"@type\":\"EntryPoint\",\"urlTemplate\":\"https:\/\/maxihotel.com.mx\/mochis\/?s={search_term_string}\"},\"query-input\":\"required name=search_term_string\"}],\"inLanguage\":\"es\"},{\"@type\":\"Organization\",\"@id\":\"https:\/\/maxihotel.com.mx\/mochis\/#organization\",\"name\":\"Maxi Hotel\",\"url\":\"https:\/\/maxihotel.com.mx\/mochis\/\",\"logo\":{\"@type\":\"ImageObject\",\"inLanguage\":\"es\",\"@id\":\"https:\/\/maxihotel.com.mx\/mochis\/#\/schema\/logo\/image\/\",\"url\":\"https:\/\/maxihotel.com.mx\/mochis\/wp-content\/uploads\/2023\/09\/cropped-LOGO-35-1.webp\",\"contentUrl\":\"https:\/\/maxihotel.com.mx\/mochis\/wp-content\/uploads\/2023\/09\/cropped-LOGO-35-1.webp\",\"width\":310,\"height\":259,\"caption\":\"Maxi Hotel\"},\"image\":{\"@id\":\"https:\/\/maxihotel.com.mx\/mochis\/#\/schema\/logo\/image\/\"}}]}<\/script>\n<!-- \/ Yoast SEO plugin. -->","yoast_head_json":{"title":"Pol\u00edtica de privacidad - Maxi Hotel","robots":{"index":"index","follow":"follow","max-snippet":"max-snippet:-1","max-image-preview":"max-image-preview:large","max-video-preview":"max-video-preview:-1"},"canonical":"https:\/\/maxihotel.com.mx\/mochis\/booking-confirmation\/terms-conditions\/","og_locale":"es_ES","og_type":"article","og_title":"Pol\u00edtica de privacidad - Maxi Hotel","og_description":"Pol\u00edtica de privacidad Esta Pol\u00edtica de privacidad describe c\u00f3mo se recopila, utiliza y comparte su informaci\u00f3n personal cuando visita o hace una compra en www.maxihotel.com.mx (denominado en lo sucesivo el \u201cSitio\u201d). La Finalidad principal del tratamiento de sus datos personales &hellip; Read More","og_url":"https:\/\/maxihotel.com.mx\/mochis\/booking-confirmation\/terms-conditions\/","og_site_name":"Maxi Hotel","article_modified_time":"2023-10-17T21:23:31+00:00","twitter_card":"summary_large_image","twitter_misc":{"Tiempo de lectura":"3 minutos"},"schema":{"@context":"https:\/\/schema.org","@graph":[{"@type":"WebPage","@id":"https:\/\/maxihotel.com.mx\/mochis\/booking-confirmation\/terms-conditions\/","url":"https:\/\/maxihotel.com.mx\/mochis\/booking-confirmation\/terms-conditions\/","name":"Pol\u00edtica de privacidad - Maxi Hotel","isPartOf":{"@id":"https:\/\/maxihotel.com.mx\/mochis\/#website"},"datePublished":"2021-10-18T17:01:15+00:00","dateModified":"2023-10-17T21:23:31+00:00","breadcrumb":{"@id":"https:\/\/maxihotel.com.mx\/mochis\/booking-confirmation\/terms-conditions\/#breadcrumb"},"inLanguage":"es","potentialAction":[{"@type":"ReadAction","target":["https:\/\/maxihotel.com.mx\/mochis\/booking-confirmation\/terms-conditions\/"]}]},{"@type":"BreadcrumbList","@id":"https:\/\/maxihotel.com.mx\/mochis\/booking-confirmation\/terms-conditions\/#breadcrumb","itemListElement":[{"@type":"ListItem","position":1,"name":"Portada","item":"https:\/\/maxihotel.com.mx\/mochis\/"},{"@type":"ListItem","position":2,"name":"Booking Confirmation","item":"https:\/\/maxihotel.com.mx\/mochis\/booking-confirmation\/"},{"@type":"ListItem","position":3,"name":"Pol\u00edtica de privacidad"}]},{"@type":"WebSite","@id":"https:\/\/maxihotel.com.mx\/mochis\/#website","url":"https:\/\/maxihotel.com.mx\/mochis\/","name":"Maxi Hotel","description":"Hospedaje al mejor precio en Culiac\u00e1n y Mochis","publisher":{"@id":"https:\/\/maxihotel.com.mx\/mochis\/#organization"},"potentialAction":[{"@type":"SearchAction","target":{"@type":"EntryPoint","urlTemplate":"https:\/\/maxihotel.com.mx\/mochis\/?s={search_term_string}"},"query-input":"required name=search_term_string"}],"inLanguage":"es"},{"@type":"Organization","@id":"https:\/\/maxihotel.com.mx\/mochis\/#organization","name":"Maxi Hotel","url":"https:\/\/maxihotel.com.mx\/mochis\/","logo":{"@type":"ImageObject","inLanguage":"es","@id":"https:\/\/maxihotel.com.mx\/mochis\/#\/schema\/logo\/image\/","url":"https:\/\/maxihotel.com.mx\/mochis\/wp-content\/uploads\/2023\/09\/cropped-LOGO-35-1.webp","contentUrl":"https:\/\/maxihotel.com.mx\/mochis\/wp-content\/uploads\/2023\/09\/cropped-LOGO-35-1.webp","width":310,"height":259,"caption":"Maxi Hotel"},"image":{"@id":"https:\/\/maxihotel.com.mx\/mochis\/#\/schema\/logo\/image\/"}}]}},"_links":{"self":[{"href":"https:\/\/maxihotel.com.mx\/mochis\/wp-json\/wp\/v2\/pages\/66"}],"collection":[{"href":"https:\/\/maxihotel.com.mx\/mochis\/wp-json\/wp\/v2\/pages"}],"about":[{"href":"https:\/\/maxihotel.com.mx\/mochis\/wp-json\/wp\/v2\/types\/page"}],"author":[{"embeddable":true,"href":"https:\/\/maxihotel.com.mx\/mochis\/wp-json\/wp\/v2\/users\/1"}],"replies":[{"embeddable":true,"href":"https:\/\/maxihotel.com.mx\/mochis\/wp-json\/wp\/v2\/comments?post=66"}],"version-history":[{"count":17,"href":"https:\/\/maxihotel.com.mx\/mochis\/wp-json\/wp\/v2\/pages\/66\/revisions"}],"predecessor-version":[{"id":2371,"href":"https:\/\/maxihotel.com.mx\/mochis\/wp-json\/wp\/v2\/pages\/66\/revisions\/2371"}],"up":[{"embeddable":true,"href":"https:\/\/maxihotel.com.mx\/mochis\/wp-json\/wp\/v2\/pages\/67"}],"wp:attachment":[{"href":"https:\/\/maxihotel.com.mx\/mochis\/wp-json\/wp\/v2\/media?parent=66"}],"curies":[{"name":"wp","href":"https:\/\/api.w.org\/{rel}","templated":true}]}}